{"id":11325,"date":"2025-11-11T14:16:36","date_gmt":"2025-11-11T14:16:36","guid":{"rendered":"https:\/\/tintavivatranslation.com\/ressources\/"},"modified":"2026-03-08T09:23:49","modified_gmt":"2026-03-08T09:23:49","slug":"ressources","status":"publish","type":"page","link":"https:\/\/tintavivatranslation.com\/fr\/ressources\/","title":{"rendered":"Ressources"},"content":{"rendered":"<p>[et_pb_section fb_built=\u00a0\u00bb1&Prime; admin_label=\u00a0\u00bbContent Section 10&Prime; _builder_version=\u00a0\u00bb4.27.4&Prime; _module_preset=\u00a0\u00bbdefault\u00a0\u00bb background_color=\u00a0\u00bb#ecf3f9&Prime; min_height=\u00a0\u00bb100vh\u00a0\u00bb custom_margin=\u00a0\u00bb||||false|false\u00a0\u00bb da_disable_devices=\u00a0\u00bboff|off|off\u00a0\u00bb global_colors_info=\u00a0\u00bb{}\u00a0\u00bb da_is_popup=\u00a0\u00bboff\u00a0\u00bb da_exit_intent=\u00a0\u00bboff\u00a0\u00bb da_has_close=\u00a0\u00bbon\u00a0\u00bb da_alt_close=\u00a0\u00bboff\u00a0\u00bb da_dark_close=\u00a0\u00bboff\u00a0\u00bb da_not_modal=\u00a0\u00bbon\u00a0\u00bb da_is_singular=\u00a0\u00bboff\u00a0\u00bb da_with_loader=\u00a0\u00bboff\u00a0\u00bb da_has_shadow=\u00a0\u00bbon\u00a0\u00bb][et_pb_row column_structure=\u00a0\u00bb1_2,1_2&Prime; _builder_version=\u00a0\u00bb4.27.4&Prime; _module_preset=\u00a0\u00bbdefault\u00a0\u00bb custom_margin=\u00a0\u00bb10%||||false|false\u00a0\u00bb custom_padding=\u00a0\u00bb||||false|false\u00a0\u00bb global_colors_info=\u00a0\u00bb{}\u00a0\u00bb][et_pb_column type=\u00a0\u00bb1_2&Prime; _builder_version=\u00a0\u00bb4.16&Prime; _module_preset=\u00a0\u00bbdefault\u00a0\u00bb global_colors_info=\u00a0\u00bb{}\u00a0\u00bb][et_pb_text module_class=\u00a0\u00bbgt-heading\u00a0\u00bb _builder_version=\u00a0\u00bb4.27.4&Prime; _module_preset=\u00a0\u00bbdefault\u00a0\u00bb text_text_color=\u00a0\u00bb#516091&Prime; header_font=\u00a0\u00bb|600|||||||\u00a0\u00bb header_text_color=\u00a0\u00bb#516091&Prime; header_2_font=\u00a0\u00bb|600|||||||\u00a0\u00bb custom_margin=\u00a0\u00bb||||false|false\u00a0\u00bb custom_padding=\u00a0\u00bb||||false|false\u00a0\u00bb global_colors_info=\u00a0\u00bb{}\u00a0\u00bb]<\/p>\n<h2><span style=\"color: #516091;\">A lire et \u00e0 partager (sans mod\u00e9ration !)<\/span><\/h2>\n<p>[\/et_pb_text][et_pb_image src=\u00a0\u00bbhttps:\/\/tintavivatranslation.com\/wp-content\/uploads\/2025\/10\/female-1801515_1280.png\u00a0\u00bb title_text=\u00a0\u00bbfemale-1801515_1280&Prime; _builder_version=\u00a0\u00bb4.27.4&Prime; _module_preset=\u00a0\u00bbdefault\u00a0\u00bb max_width=\u00a0\u00bb80%\u00a0\u00bb animation_style=\u00a0\u00bbfade\u00a0\u00bb global_colors_info=\u00a0\u00bb{}\u00a0\u00bb][\/et_pb_image][\/et_pb_column][et_pb_column type=\u00a0\u00bb1_2&Prime; _builder_version=\u00a0\u00bb4.16&Prime; _module_preset=\u00a0\u00bbdefault\u00a0\u00bb global_colors_info=\u00a0\u00bb{}\u00a0\u00bb][et_pb_text _builder_version=\u00a0\u00bb4.27.4&Prime; _module_preset=\u00a0\u00bbdefault\u00a0\u00bb text_text_color=\u00a0\u00bb#516091&Prime; custom_margin=\u00a0\u00bb||||false|false\u00a0\u00bb custom_padding=\u00a0\u00bb||7px||false|false\u00a0\u00bb global_colors_info=\u00a0\u00bb{}\u00a0\u00bb]L\u2019aventure vous tente ? T\u00e9l\u00e9chargez votre brochure PDF, lisez-l\u00e0, partagez-l\u00e0 ! Et n\u2019h\u00e9sitez pas \u00e0 me faire signe, vous savez o\u00f9 me trouver.   <\/p>\n<p>(Pour t\u00e9l\u00e9charger la brochure, cliquez sur l&rsquo;image correspondant \u00e0 votre secteur d\u2019activit\u00e9.)[\/et_pb_text][et_pb_image src=\u00a0\u00bbhttps:\/\/tintavivatranslation.com\/wp-content\/uploads\/2025\/10\/Down-arrow.png\u00a0\u00bb title_text=\u00a0\u00bbDown arrow\u00a0\u00bb url=\u00a0\u00bb#brochures\u00a0\u00bb disabled_on=\u00a0\u00bbon|on|off\u00a0\u00bb _builder_version=\u00a0\u00bb4.27.4&Prime; _module_preset=\u00a0\u00bbdefault\u00a0\u00bb global_colors_info=\u00a0\u00bb{}\u00a0\u00bb][\/et_pb_image][\/et_pb_column][\/et_pb_row][\/et_pb_section][et_pb_section fb_built=\u00a0\u00bb1&Prime; module_id=\u00a0\u00bbbrochures\u00a0\u00bb _builder_version=\u00a0\u00bb4.27.4&Prime; _module_preset=\u00a0\u00bbdefault\u00a0\u00bb background_color=\u00a0\u00bb#ecf3f9&Prime; module_alignment=\u00a0\u00bbcenter\u00a0\u00bb min_height=\u00a0\u00bb100vh\u00a0\u00bb custom_margin=\u00a0\u00bb||||false|false\u00a0\u00bb custom_margin_tablet=\u00a0\u00bb||||false|false\u00a0\u00bb custom_margin_phone=\u00a0\u00bb||||false|false\u00a0\u00bb custom_margin_last_edited=\u00a0\u00bbon|phone\u00a0\u00bb module_alignment_tablet=\u00a0\u00bbcenter\u00a0\u00bb module_alignment_phone=\u00a0\u00bbcenter\u00a0\u00bb module_alignment_last_edited=\u00a0\u00bbon|phone\u00a0\u00bb da_disable_devices=\u00a0\u00bboff|off|off\u00a0\u00bb global_colors_info=\u00a0\u00bb{}\u00a0\u00bb da_is_popup=\u00a0\u00bboff\u00a0\u00bb da_exit_intent=\u00a0\u00bboff\u00a0\u00bb da_has_close=\u00a0\u00bbon\u00a0\u00bb da_alt_close=\u00a0\u00bboff\u00a0\u00bb da_dark_close=\u00a0\u00bboff\u00a0\u00bb da_not_modal=\u00a0\u00bbon\u00a0\u00bb da_is_singular=\u00a0\u00bboff\u00a0\u00bb da_with_loader=\u00a0\u00bboff\u00a0\u00bb da_has_shadow=\u00a0\u00bbon\u00a0\u00bb][et_pb_row column_structure=\u00a0\u00bb1_4,1_4,1_4,1_4&Prime; make_equal=\u00a0\u00bbon\u00a0\u00bb _builder_version=\u00a0\u00bb4.27.4&Prime; _module_preset=\u00a0\u00bbdefault\u00a0\u00bb module_alignment=\u00a0\u00bbcenter\u00a0\u00bb custom_padding=\u00a0\u00bb||||false|false\u00a0\u00bb animation_style=\u00a0\u00bbzoom\u00a0\u00bb global_colors_info=\u00a0\u00bb{}\u00a0\u00bb][et_pb_column type=\u00a0\u00bb1_4&Prime; _builder_version=\u00a0\u00bb4.23.2&Prime; _module_preset=\u00a0\u00bbdefault\u00a0\u00bb global_colors_info=\u00a0\u00bb{}\u00a0\u00bb][dnxtiel_next_image_effect dnxtiel_image=\u00a0\u00bbhttps:\/\/tintavivatranslation.com\/wp-content\/uploads\/2025\/10\/Real-Estate-and-Urbanism-Brochure_tinied.jpg\u00a0\u00bb dnxtiel_heading_tag=\u00a0\u00bbh3&Prime; dnxtiel_description=\u00a0\u00bb<\/p>\n<p>Click for pdf<\/p>\n<p>\u00a0\u00bb dnxtiel_hover_bg=\u00a0\u00bbrgba(236,243,249,0.5)\u00a0\u00bb dnxtiel_caption_margin=\u00a0\u00bb||||false|false\u00a0\u00bb dnxtiel_caption_padding=\u00a0\u00bb45%||||false|false\u00a0\u00bb dnxtiel_description_padding=\u00a0\u00bb||||false|false\u00a0\u00bb dnxtiel_hover_image_alignment=\u00a0\u00bbcenter\u00a0\u00bb dnxtiel_caption_margin_tablet=\u00a0\u00bb|0%|||false|false\u00a0\u00bb dnxtiel_caption_margin_phone=\u00a0\u00bb|0%|||false|false\u00a0\u00bb dnxtiel_caption_margin_last_edited=\u00a0\u00bbon|phone\u00a0\u00bb admin_label=\u00a0\u00bbNext Image Effect Lite\u00a0\u00bb _builder_version=\u00a0\u00bb4.27.6&Prime; _module_preset=\u00a0\u00bbdefault\u00a0\u00bb hover_text_fonts_text_color=\u00a0\u00bb#516091&Prime; dnxt_body_text_align=\u00a0\u00bbcenter\u00a0\u00bb dnxt_body_text_color=\u00a0\u00bb#516091&Prime; width=\u00a0\u00bb100%\u00a0\u00bb width_tablet=\u00a0\u00bb88%\u00a0\u00bb width_phone=\u00a0\u00bb80%\u00a0\u00bb width_last_edited=\u00a0\u00bbon|phone\u00a0\u00bb max_width=\u00a0\u00bb100%\u00a0\u00bb module_alignment=\u00a0\u00bbcenter\u00a0\u00bb min_height=\u00a0\u00bb100%\u00a0\u00bb min_height_tablet=\u00a0\u00bb100%\u00a0\u00bb min_height_phone=\u00a0\u00bb100%\u00a0\u00bb min_height_last_edited=\u00a0\u00bbon|phone\u00a0\u00bb custom_margin_tablet=\u00a0\u00bb\u00a0\u00bb custom_margin_phone=\u00a0\u00bb\u00a0\u00bb custom_margin_last_edited=\u00a0\u00bbon|phone\u00a0\u00bb custom_padding=\u00a0\u00bb|1px||||\u00a0\u00bb custom_padding_tablet=\u00a0\u00bb|1px||||\u00a0\u00bb custom_padding_phone=\u00a0\u00bb|0px||||\u00a0\u00bb custom_padding_last_edited=\u00a0\u00bbon|phone\u00a0\u00bb animation_style=\u00a0\u00bbzoom\u00a0\u00bb hover_transition_duration=\u00a0\u00bb1000ms\u00a0\u00bb hover_transition_delay=\u00a0\u00bb200ms\u00a0\u00bb hover_transition_speed_curve=\u00a0\u00bbease-in-out\u00a0\u00bb link_option_url=\u00a0\u00bbhttps:\/\/tintavivatranslation.com\/wp-content\/uploads\/2026\/03\/FRENCH-Tinta-Viva-Translation_Brochure_2026_reu.pdf\u00a0\u00bb link_option_url_new_window=\u00a0\u00bbon\u00a0\u00bb hover_enabled=\u00a0\u00bb0&Prime; module_alignment_tablet=\u00a0\u00bbcenter\u00a0\u00bb module_alignment_phone=\u00a0\u00bbcenter\u00a0\u00bb module_alignment_last_edited=\u00a0\u00bbon|phone\u00a0\u00bb animation_direction_tablet=\u00a0\u00bb\u00a0\u00bb animation_direction_phone=\u00a0\u00bb\u00a0\u00bb animation_direction_last_edited=\u00a0\u00bbon|phone\u00a0\u00bb global_colors_info=\u00a0\u00bb{}\u00a0\u00bb sticky_enabled=\u00a0\u00bb0&Prime;][\/dnxtiel_next_image_effect][et_pb_text _builder_version=\u00a0\u00bb4.27.6&Prime; _module_preset=\u00a0\u00bbdefault\u00a0\u00bb text_text_color=\u00a0\u00bb#516091&Prime; header_text_align=\u00a0\u00bbleft\u00a0\u00bb header_text_color=\u00a0\u00bb#516091&Prime; header_3_text_color=\u00a0\u00bb#516091&Prime; header_3_font_size=\u00a0\u00bb20px\u00a0\u00bb width_tablet=\u00a0\u00bb88%\u00a0\u00bb width_phone=\u00a0\u00bb80%\u00a0\u00bb width_last_edited=\u00a0\u00bbon|tablet\u00a0\u00bb module_alignment=\u00a0\u00bbcenter\u00a0\u00bb hover_enabled=\u00a0\u00bb0&Prime; global_colors_info=\u00a0\u00bb{}\u00a0\u00bb sticky_enabled=\u00a0\u00bb0&Prime;]<\/p>\n<h3>Urbanisme et immobilier<\/h3>\n<p>[\/et_pb_text][\/et_pb_column][et_pb_column type=\u00a0\u00bb1_4&Prime; _builder_version=\u00a0\u00bb4.22.2&Prime; _module_preset=\u00a0\u00bbdefault\u00a0\u00bb global_colors_info=\u00a0\u00bb{}\u00a0\u00bb][dnxtiel_next_image_effect dnxtiel_image=\u00a0\u00bbhttps:\/\/tintavivatranslation.com\/wp-content\/uploads\/2025\/10\/Sustainability-Brochure_tinied.jpg\u00a0\u00bb dnxtiel_heading_tag=\u00a0\u00bbh3&Prime; dnxtiel_description=\u00a0\u00bb<\/p>\n<p>Click for pdf<\/p>\n<p>\u00a0\u00bb dnxtiel_hover_bg=\u00a0\u00bbrgba(236,243,249,0.5)\u00a0\u00bb dnxtiel_caption_margin=\u00a0\u00bb||||false|false\u00a0\u00bb dnxtiel_caption_padding=\u00a0\u00bb45%||||false|false\u00a0\u00bb dnxtiel_description_padding=\u00a0\u00bb||||false|false\u00a0\u00bb dnxtiel_hover_image_alignment=\u00a0\u00bbcenter\u00a0\u00bb admin_label=\u00a0\u00bbNext Image Effect Lite\u00a0\u00bb _builder_version=\u00a0\u00bb4.27.6&Prime; _module_preset=\u00a0\u00bbdefault\u00a0\u00bb hover_text_fonts_text_color=\u00a0\u00bb#516091&Prime; dnxt_body_text_align=\u00a0\u00bbcenter\u00a0\u00bb dnxt_body_text_color=\u00a0\u00bb#516091&Prime; width=\u00a0\u00bb100%\u00a0\u00bb width_tablet=\u00a0\u00bb88%\u00a0\u00bb width_phone=\u00a0\u00bb80%\u00a0\u00bb width_last_edited=\u00a0\u00bbon|phone\u00a0\u00bb module_alignment=\u00a0\u00bbcenter\u00a0\u00bb animation_style=\u00a0\u00bbzoom\u00a0\u00bb hover_transition_duration=\u00a0\u00bb1000ms\u00a0\u00bb hover_transition_delay=\u00a0\u00bb200ms\u00a0\u00bb hover_transition_speed_curve=\u00a0\u00bbease-in-out\u00a0\u00bb link_option_url=\u00a0\u00bbhttps:\/\/tintavivatranslation.com\/wp-content\/uploads\/2026\/03\/FRENCH_Tinta-Viva-Translation_Brochure_2026_sus.pdf\u00a0\u00bb link_option_url_new_window=\u00a0\u00bbon\u00a0\u00bb hover_enabled=\u00a0\u00bb0&Prime; module_alignment_tablet=\u00a0\u00bbcenter\u00a0\u00bb module_alignment_phone=\u00a0\u00bbcenter\u00a0\u00bb module_alignment_last_edited=\u00a0\u00bbon|phone\u00a0\u00bb animation_direction_tablet=\u00a0\u00bb\u00a0\u00bb animation_direction_phone=\u00a0\u00bb\u00a0\u00bb animation_direction_last_edited=\u00a0\u00bbon|phone\u00a0\u00bb global_colors_info=\u00a0\u00bb{}\u00a0\u00bb sticky_enabled=\u00a0\u00bb0&Prime;][\/dnxtiel_next_image_effect][et_pb_text _builder_version=\u00a0\u00bb4.27.6&Prime; _module_preset=\u00a0\u00bbdefault\u00a0\u00bb text_text_color=\u00a0\u00bb#516091&Prime; header_text_align=\u00a0\u00bbleft\u00a0\u00bb header_text_color=\u00a0\u00bb#516091&Prime; header_3_text_color=\u00a0\u00bb#516091&Prime; header_3_font_size=\u00a0\u00bb20px\u00a0\u00bb width_tablet=\u00a0\u00bb88%\u00a0\u00bb width_phone=\u00a0\u00bb80%\u00a0\u00bb width_last_edited=\u00a0\u00bbon|phone\u00a0\u00bb module_alignment=\u00a0\u00bbcenter\u00a0\u00bb hover_enabled=\u00a0\u00bb0&Prime; global_colors_info=\u00a0\u00bb{}\u00a0\u00bb sticky_enabled=\u00a0\u00bb0&Prime;]<\/p>\n<h3>D\u00e9veloppement durable et questions environnementales<\/h3>\n<p>[\/et_pb_text][\/et_pb_column][et_pb_column type=\u00a0\u00bb1_4&Prime; _builder_version=\u00a0\u00bb4.22.2&Prime; _module_preset=\u00a0\u00bbdefault\u00a0\u00bb global_colors_info=\u00a0\u00bb{}\u00a0\u00bb][dnxtiel_next_image_effect dnxtiel_image=\u00a0\u00bbhttps:\/\/tintavivatranslation.com\/wp-content\/uploads\/2025\/10\/Business-and-Marketing-Brochure_tinied.jpg\u00a0\u00bb dnxtiel_heading_tag=\u00a0\u00bbh3&Prime; dnxtiel_description=\u00a0\u00bb<\/p>\n<p>Click for pdf<\/p>\n<p>\u00a0\u00bb dnxtiel_hover_bg=\u00a0\u00bbrgba(236,243,249,0.5)\u00a0\u00bb dnxtiel_caption_margin=\u00a0\u00bb||||false|false\u00a0\u00bb dnxtiel_caption_padding=\u00a0\u00bb45%||||false|false\u00a0\u00bb dnxtiel_description_padding=\u00a0\u00bb||||false|false\u00a0\u00bb dnxtiel_hover_image_alignment=\u00a0\u00bbcenter\u00a0\u00bb dnxtiel_caption_margin_tablet=\u00a0\u00bb||||false|false\u00a0\u00bb dnxtiel_caption_margin_phone=\u00a0\u00bb||||false|false\u00a0\u00bb dnxtiel_caption_margin_last_edited=\u00a0\u00bbon|phone\u00a0\u00bb dnxtiel_heading_margin_tablet=\u00a0\u00bb\u00a0\u00bb dnxtiel_heading_margin_phone=\u00a0\u00bb\u00a0\u00bb dnxtiel_heading_margin_last_edited=\u00a0\u00bbon|phone\u00a0\u00bb dnxtiel_heading_padding_tablet=\u00a0\u00bb\u00a0\u00bb dnxtiel_heading_padding_phone=\u00a0\u00bb\u00a0\u00bb dnxtiel_heading_padding_last_edited=\u00a0\u00bbon|phone\u00a0\u00bb dnxtiel_description_margin_tablet=\u00a0\u00bb\u00a0\u00bb dnxtiel_description_margin_phone=\u00a0\u00bb\u00a0\u00bb dnxtiel_description_margin_last_edited=\u00a0\u00bbon|phone\u00a0\u00bb admin_label=\u00a0\u00bbNext Image Effect Lite\u00a0\u00bb _builder_version=\u00a0\u00bb4.27.6&Prime; _module_preset=\u00a0\u00bbdefault\u00a0\u00bb hover_text_fonts_text_color=\u00a0\u00bb#516091&Prime; dnxt_body_text_align=\u00a0\u00bbcenter\u00a0\u00bb dnxt_body_text_color=\u00a0\u00bb#516091&Prime; width_tablet=\u00a0\u00bb88%\u00a0\u00bb width_phone=\u00a0\u00bb80%\u00a0\u00bb width_last_edited=\u00a0\u00bbon|phone\u00a0\u00bb module_alignment=\u00a0\u00bbcenter\u00a0\u00bb custom_padding=\u00a0\u00bb|0px||||\u00a0\u00bb animation_style=\u00a0\u00bbzoom\u00a0\u00bb hover_transition_duration=\u00a0\u00bb1000ms\u00a0\u00bb hover_transition_delay=\u00a0\u00bb200ms\u00a0\u00bb hover_transition_speed_curve=\u00a0\u00bbease-in-out\u00a0\u00bb link_option_url=\u00a0\u00bbhttps:\/\/tintavivatranslation.com\/wp-content\/uploads\/2026\/03\/FRENCH_Tinta-Viva-Translation_Brochure_2026_bus.pdf\u00a0\u00bb link_option_url_new_window=\u00a0\u00bbon\u00a0\u00bb hover_enabled=\u00a0\u00bb0&Prime; module_alignment_tablet=\u00a0\u00bbcenter\u00a0\u00bb module_alignment_phone=\u00a0\u00bbcenter\u00a0\u00bb module_alignment_last_edited=\u00a0\u00bbon|phone\u00a0\u00bb animation_direction_tablet=\u00a0\u00bb\u00a0\u00bb animation_direction_phone=\u00a0\u00bb\u00a0\u00bb animation_direction_last_edited=\u00a0\u00bbon|phone\u00a0\u00bb border_style_all=\u00a0\u00bbnone\u00a0\u00bb global_colors_info=\u00a0\u00bb{}\u00a0\u00bb sticky_enabled=\u00a0\u00bb0&Prime;][\/dnxtiel_next_image_effect][et_pb_text _builder_version=\u00a0\u00bb4.27.6&Prime; _module_preset=\u00a0\u00bbdefault\u00a0\u00bb text_text_color=\u00a0\u00bb#516091&Prime; header_text_align=\u00a0\u00bbleft\u00a0\u00bb header_text_color=\u00a0\u00bb#516091&Prime; header_3_text_color=\u00a0\u00bb#516091&Prime; header_3_font_size=\u00a0\u00bb20px\u00a0\u00bb width_tablet=\u00a0\u00bb88%\u00a0\u00bb width_phone=\u00a0\u00bb80%\u00a0\u00bb width_last_edited=\u00a0\u00bbon|phone\u00a0\u00bb module_alignment=\u00a0\u00bbcenter\u00a0\u00bb custom_margin_tablet=\u00a0\u00bb\u00a0\u00bb custom_margin_phone=\u00a0\u00bb\u00a0\u00bb custom_margin_last_edited=\u00a0\u00bbon|tablet\u00a0\u00bb custom_padding=\u00a0\u00bb4%||||false|false\u00a0\u00bb custom_padding_tablet=\u00a0\u00bb4%||||false|false\u00a0\u00bb custom_padding_phone=\u00a0\u00bb4%||||false|false\u00a0\u00bb custom_padding_last_edited=\u00a0\u00bbon|phone\u00a0\u00bb hover_enabled=\u00a0\u00bb0&Prime; global_colors_info=\u00a0\u00bb{}\u00a0\u00bb sticky_enabled=\u00a0\u00bb0&Prime;]<\/p>\n<h3>Commerce &amp; Marketing<\/h3>\n<p>[\/et_pb_text][\/et_pb_column][et_pb_column type=\u00a0\u00bb1_4&Prime; _builder_version=\u00a0\u00bb4.22.2&Prime; _module_preset=\u00a0\u00bbdefault\u00a0\u00bb global_colors_info=\u00a0\u00bb{}\u00a0\u00bb][dnxtiel_next_image_effect dnxtiel_image=\u00a0\u00bbhttps:\/\/tintavivatranslation.com\/wp-content\/uploads\/2025\/10\/Social-Science-and-Editorial-Brochure_tinied.jpg\u00a0\u00bb dnxtiel_heading_tag=\u00a0\u00bbh3&Prime; dnxtiel_description=\u00a0\u00bb<\/p>\n<p>Click for pdf<\/p>\n<p>\u00a0\u00bb dnxtiel_hover_bg=\u00a0\u00bbrgba(236,243,249,0.5)\u00a0\u00bb dnxtiel_caption_margin=\u00a0\u00bb||||false|false\u00a0\u00bb dnxtiel_caption_padding=\u00a0\u00bb45%||||false|false\u00a0\u00bb dnxtiel_description_padding=\u00a0\u00bb||||false|false\u00a0\u00bb dnxtiel_hover_image_alignment=\u00a0\u00bbcenter\u00a0\u00bb admin_label=\u00a0\u00bbNext Image Effect Lite\u00a0\u00bb _builder_version=\u00a0\u00bb4.27.6&Prime; _module_preset=\u00a0\u00bbdefault\u00a0\u00bb hover_text_fonts_text_color=\u00a0\u00bb#516091&Prime; dnxt_body_text_align=\u00a0\u00bbcenter\u00a0\u00bb dnxt_body_text_color=\u00a0\u00bb#516091&Prime; width_tablet=\u00a0\u00bb88%\u00a0\u00bb width_phone=\u00a0\u00bb80%\u00a0\u00bb width_last_edited=\u00a0\u00bbon|tablet\u00a0\u00bb module_alignment=\u00a0\u00bbcenter\u00a0\u00bb animation_style=\u00a0\u00bbzoom\u00a0\u00bb hover_transition_duration=\u00a0\u00bb1000ms\u00a0\u00bb hover_transition_delay=\u00a0\u00bb200ms\u00a0\u00bb hover_transition_speed_curve=\u00a0\u00bbease-in-out\u00a0\u00bb link_option_url=\u00a0\u00bbhttps:\/\/tintavivatranslation.com\/wp-content\/uploads\/2026\/03\/FRENCH-Tinta-Viva-Translation_Brochure_2026_ac.pdf\u00a0\u00bb link_option_url_new_window=\u00a0\u00bbon\u00a0\u00bb hover_enabled=\u00a0\u00bb0&Prime; module_alignment_tablet=\u00a0\u00bbcenter\u00a0\u00bb module_alignment_phone=\u00a0\u00bbcenter\u00a0\u00bb module_alignment_last_edited=\u00a0\u00bbon|phone\u00a0\u00bb animation_direction_tablet=\u00a0\u00bb\u00a0\u00bb animation_direction_phone=\u00a0\u00bb\u00a0\u00bb animation_direction_last_edited=\u00a0\u00bbon|phone\u00a0\u00bb global_colors_info=\u00a0\u00bb{}\u00a0\u00bb sticky_enabled=\u00a0\u00bb0&Prime;][\/dnxtiel_next_image_effect][et_pb_text _builder_version=\u00a0\u00bb4.27.6&Prime; _module_preset=\u00a0\u00bbdefault\u00a0\u00bb text_text_color=\u00a0\u00bb#516091&Prime; header_text_align=\u00a0\u00bbleft\u00a0\u00bb header_text_color=\u00a0\u00bb#516091&Prime; header_3_text_color=\u00a0\u00bb#516091&Prime; header_3_font_size=\u00a0\u00bb20px\u00a0\u00bb width_tablet=\u00a0\u00bb88%\u00a0\u00bb width_phone=\u00a0\u00bb80%\u00a0\u00bb width_last_edited=\u00a0\u00bbon|tablet\u00a0\u00bb module_alignment=\u00a0\u00bbcenter\u00a0\u00bb link_option_url=\u00a0\u00bbhttps:\/\/tintavivatranslation.com\/wp-content\/uploads\/2025\/11\/Tinta-Viva-Translation_Brochure-2526_ac.pdf\u00a0\u00bb link_option_url_new_window=\u00a0\u00bbon\u00a0\u00bb hover_enabled=\u00a0\u00bb0&Prime; global_colors_info=\u00a0\u00bb{}\u00a0\u00bb sticky_enabled=\u00a0\u00bb0&Prime;]<\/p>\n<h3>Sciences sociales et contenu \u00e9ditorial<\/h3>\n<p>[\/et_pb_text][\/et_pb_column][\/et_pb_row][et_pb_row column_structure=\u00a0\u00bb1_2,1_2&Prime; _builder_version=\u00a0\u00bb4.27.4&Prime; _module_preset=\u00a0\u00bbdefault\u00a0\u00bb custom_margin=\u00a0\u00bb||||false|false\u00a0\u00bb custom_padding=\u00a0\u00bb5%||||false|false\u00a0\u00bb global_colors_info=\u00a0\u00bb{}\u00a0\u00bb][et_pb_column type=\u00a0\u00bb1_2&Prime; module_class=\u00a0\u00bbpa-inline-buttons\u00a0\u00bb _builder_version=\u00a0\u00bb4.27.4&Prime; _module_preset=\u00a0\u00bbdefault\u00a0\u00bb global_colors_info=\u00a0\u00bb{}\u00a0\u00bb][et_pb_text module_class=\u00a0\u00bbgt-heading\u00a0\u00bb _builder_version=\u00a0\u00bb4.27.4&Prime; _module_preset=\u00a0\u00bbdefault\u00a0\u00bb text_text_color=\u00a0\u00bb#516091&Prime; header_font=\u00a0\u00bb|600|||||||\u00a0\u00bb header_text_color=\u00a0\u00bb#516091&Prime; header_2_font=\u00a0\u00bb|600|||||||\u00a0\u00bb custom_margin=\u00a0\u00bb||||false|false\u00a0\u00bb custom_padding=\u00a0\u00bb||||false|false\u00a0\u00bb global_colors_info=\u00a0\u00bb{}\u00a0\u00bb]<\/p>\n<h2><span style=\"color: #516091;\">Bon \u00e0 savoir<\/span><\/h2>\n<p>[\/et_pb_text][et_pb_image src=\u00a0\u00bbhttps:\/\/tintavivatranslation.com\/wp-content\/uploads\/2025\/10\/Right-arrow.png\u00a0\u00bb title_text=\u00a0\u00bbRight arrow\u00a0\u00bb disabled_on=\u00a0\u00bbon|on|off\u00a0\u00bb _builder_version=\u00a0\u00bb4.27.4&Prime; _module_preset=\u00a0\u00bbdefault\u00a0\u00bb custom_margin=\u00a0\u00bb-20%|||44%|false|false\u00a0\u00bb global_colors_info=\u00a0\u00bb{}\u00a0\u00bb][\/et_pb_image][\/et_pb_column][et_pb_column type=\u00a0\u00bb1_2&Prime; module_class=\u00a0\u00bbpa-inline-buttons\u00a0\u00bb _builder_version=\u00a0\u00bb4.27.4&Prime; _module_preset=\u00a0\u00bbdefault\u00a0\u00bb global_colors_info=\u00a0\u00bb{}\u00a0\u00bb][et_pb_divider show_divider=\u00a0\u00bboff\u00a0\u00bb disabled_on=\u00a0\u00bbon|on|off\u00a0\u00bb _builder_version=\u00a0\u00bb4.27.4&Prime; _module_preset=\u00a0\u00bbdefault\u00a0\u00bb min_height=\u00a0\u00bb100px\u00a0\u00bb height=\u00a0\u00bb100px\u00a0\u00bb global_colors_info=\u00a0\u00bb{}\u00a0\u00bb][\/et_pb_divider][et_pb_button button_url=\u00a0\u00bbhttps:\/\/tintavivatranslation.com\/wp-content\/uploads\/2025\/08\/Tinta-Viva-Translation_Terms-of-Service_2025.pdf\u00a0\u00bb url_new_window=\u00a0\u00bbon\u00a0\u00bb button_text=\u00a0\u00bbConditions de service\u00a0\u00bb button_alignment=\u00a0\u00bbleft\u00a0\u00bb button_alignment_tablet=\u00a0\u00bbleft\u00a0\u00bb button_alignment_phone=\u00a0\u00bbcenter\u00a0\u00bb button_alignment_last_edited=\u00a0\u00bbon|phone\u00a0\u00bb _builder_version=\u00a0\u00bb4.27.4&Prime; _module_preset=\u00a0\u00bbdefault\u00a0\u00bb custom_button=\u00a0\u00bbon\u00a0\u00bb button_bg_color=\u00a0\u00bb#74BEC1&Prime; button_border_width=\u00a0\u00bb0px\u00a0\u00bb button_font=\u00a0\u00bbPoppins|300|||||||\u00a0\u00bb button_use_icon=\u00a0\u00bboff\u00a0\u00bb background_layout=\u00a0\u00bbdark\u00a0\u00bb custom_margin=\u00a0\u00bb||||false|false\u00a0\u00bb custom_margin_tablet=\u00a0\u00bb|||0px|false|false\u00a0\u00bb custom_margin_phone=\u00a0\u00bb||||false|false\u00a0\u00bb custom_margin_last_edited=\u00a0\u00bbon|phone\u00a0\u00bb custom_padding_tablet=\u00a0\u00bb\u00a0\u00bb custom_padding_phone=\u00a0\u00bb\u00a0\u00bb custom_padding_last_edited=\u00a0\u00bbon|phone\u00a0\u00bb custom_css_main_element=\u00a0\u00bbmin-height: 40px;\u00a0\u00bb global_colors_info=\u00a0\u00bb{}\u00a0\u00bb button_text_size__hover_enabled=\u00a0\u00bbon|hover\u00a0\u00bb button_text_size__hover=\u00a0\u00bb20px\u00a0\u00bb button_text_color__hover_enabled=\u00a0\u00bbon|hover\u00a0\u00bb button_text_color__hover=\u00a0\u00bb#FFEDAD\u00a0\u00bb custom_margin__hover_enabled=\u00a0\u00bbon|desktop\u00a0\u00bb custom_margin__hover=\u00a0\u00bb||||false|false\u00a0\u00bb][\/et_pb_button][et_pb_button button_text=\u00a0\u00bbPolitique de confidentialit\u00e9 \u00a0\u00bb button_alignment=\u00a0\u00bbleft\u00a0\u00bb button_alignment_tablet=\u00a0\u00bbleft\u00a0\u00bb button_alignment_phone=\u00a0\u00bbcenter\u00a0\u00bb button_alignment_last_edited=\u00a0\u00bbon|phone\u00a0\u00bb _builder_version=\u00a0\u00bb4.27.4&Prime; _module_preset=\u00a0\u00bbdefault\u00a0\u00bb custom_button=\u00a0\u00bbon\u00a0\u00bb button_bg_color=\u00a0\u00bb#74BEC1&Prime; button_border_width=\u00a0\u00bb0px\u00a0\u00bb button_font=\u00a0\u00bbPoppins|300|||||||\u00a0\u00bb button_use_icon=\u00a0\u00bboff\u00a0\u00bb background_layout=\u00a0\u00bbdark\u00a0\u00bb custom_margin=\u00a0\u00bb|||2%|false|false\u00a0\u00bb custom_margin_tablet=\u00a0\u00bb|||7%|false|false\u00a0\u00bb custom_margin_phone=\u00a0\u00bb|-41px||0%|false|false\u00a0\u00bb custom_margin_last_edited=\u00a0\u00bbon|phone\u00a0\u00bb custom_padding_tablet=\u00a0\u00bb||||false|false\u00a0\u00bb custom_padding_phone=\u00a0\u00bb||||false|false\u00a0\u00bb custom_padding_last_edited=\u00a0\u00bbon|phone\u00a0\u00bb custom_css_main_element=\u00a0\u00bbmin-height: 40px;\u00a0\u00bb global_colors_info=\u00a0\u00bb{}\u00a0\u00bb button_text_size__hover_enabled=\u00a0\u00bbon|hover\u00a0\u00bb button_text_size__hover=\u00a0\u00bb20px\u00a0\u00bb button_text_color__hover_enabled=\u00a0\u00bbon|hover\u00a0\u00bb button_text_color__hover=\u00a0\u00bb#FFEDAD\u00a0\u00bb custom_margin__hover_enabled=\u00a0\u00bbon|desktop\u00a0\u00bb custom_margin__hover=\u00a0\u00bb||||false|false\u00a0\u00bb][\/et_pb_button][\/et_pb_column][\/et_pb_row][\/et_pb_section]<\/p>\n","protected":false},"excerpt":{"rendered":"<p>A lire et \u00e0 partager (sans mod\u00e9ration !) L\u2019aventure vous tente ? T\u00e9l\u00e9chargez votre brochure PDF, lisez-l\u00e0, partagez-l\u00e0 ! Et n\u2019h\u00e9sitez pas \u00e0 me faire signe, vous savez o\u00f9 me trouver. (Pour t\u00e9l\u00e9charger la brochure, cliquez sur l&rsquo;image correspondant \u00e0 votre secteur d\u2019activit\u00e9.)<div class=\"et_pb_module dnxtiel_next_image_effect dnxtiel_next_image_effect_0\">\n\t\t\t\t\n\t\t\t\t\n\t\t\t\t\n\t\t\t\t\n\t\t\t\t\n\t\t\t\t\n\t\t\t\t<div class=\"et_pb_module_inner\">\n\t\t\t\t\t<figure class=\"imghvr-fade dnxtiel-imghvr-wrapper\">\r\n\t\t\t\t<img decoding=\"async\" src=\"\" alt=\"\" class=\"et_multi_view_hidden_image\" \/>\r\n\t\t\t\t<figcaption class=\"dnxtiel-imghvr-content\">\r\n\t\t\t\t\t\r\n\t\t\t\t\t\r\n\t\t\t\t\t<div class=\"dnxtiel-description\">\u00bbClick<\/div>\n\r\n\t\t\t\t\t\r\n\t\t\t\t<\/figcaption>\r\n\t\t  \t<\/figure>\n\t\t\t\t<\/div>\n\t\t\t<\/div><\/p>\n","protected":false},"author":1,"featured_media":0,"parent":0,"menu_order":0,"comment_status":"closed","ping_status":"closed","template":"","meta":{"_et_pb_use_builder":"on","_et_pb_old_content":"","_et_gb_content_width":"","footnotes":""},"class_list":["post-11325","page","type-page","status-publish","hentry"],"_links":{"self":[{"href":"https:\/\/tintavivatranslation.com\/fr\/wp-json\/wp\/v2\/pages\/11325","targetHints":{"allow":["GET"]}}],"collection":[{"href":"https:\/\/tintavivatranslation.com\/fr\/wp-json\/wp\/v2\/pages"}],"about":[{"href":"https:\/\/tintavivatranslation.com\/fr\/wp-json\/wp\/v2\/types\/page"}],"author":[{"embeddable":true,"href":"https:\/\/tintavivatranslation.com\/fr\/wp-json\/wp\/v2\/users\/1"}],"replies":[{"embeddable":true,"href":"https:\/\/tintavivatranslation.com\/fr\/wp-json\/wp\/v2\/comments?post=11325"}],"version-history":[{"count":11,"href":"https:\/\/tintavivatranslation.com\/fr\/wp-json\/wp\/v2\/pages\/11325\/revisions"}],"predecessor-version":[{"id":11462,"href":"https:\/\/tintavivatranslation.com\/fr\/wp-json\/wp\/v2\/pages\/11325\/revisions\/11462"}],"wp:attachment":[{"href":"https:\/\/tintavivatranslation.com\/fr\/wp-json\/wp\/v2\/media?parent=11325"}],"curies":[{"name":"wp","href":"https:\/\/api.w.org\/{rel}","templated":true}]}}