{"id":11320,"date":"2025-11-11T14:16:36","date_gmt":"2025-11-11T14:16:36","guid":{"rendered":"https:\/\/tintavivatranslation.com\/cosas-utiles\/"},"modified":"2026-03-08T09:20:40","modified_gmt":"2026-03-08T09:20:40","slug":"cosas-utiles","status":"publish","type":"page","link":"https:\/\/tintavivatranslation.com\/es\/cosas-utiles\/","title":{"rendered":"Cosas \u00fatiles"},"content":{"rendered":"<p>[et_pb_section fb_built=\u00bb1&#8243; admin_label=\u00bbContent Section 10&#8243; _builder_version=\u00bb4.27.4&#8243; _module_preset=\u00bbdefault\u00bb background_color=\u00bb#ecf3f9&#8243; min_height=\u00bb100vh\u00bb custom_margin=\u00bb||||false|false\u00bb da_disable_devices=\u00bboff|off|off\u00bb global_colors_info=\u00bb{}\u00bb da_is_popup=\u00bboff\u00bb da_exit_intent=\u00bboff\u00bb da_has_close=\u00bbon\u00bb da_alt_close=\u00bboff\u00bb da_dark_close=\u00bboff\u00bb da_not_modal=\u00bbon\u00bb da_is_singular=\u00bboff\u00bb da_with_loader=\u00bboff\u00bb da_has_shadow=\u00bbon\u00bb][et_pb_row column_structure=\u00bb1_2,1_2&#8243; _builder_version=\u00bb4.27.4&#8243; _module_preset=\u00bbdefault\u00bb custom_margin=\u00bb10%||||false|false\u00bb custom_padding=\u00bb||||false|false\u00bb global_colors_info=\u00bb{}\u00bb][et_pb_column type=\u00bb1_2&#8243; _builder_version=\u00bb4.16&#8243; _module_preset=\u00bbdefault\u00bb global_colors_info=\u00bb{}\u00bb][et_pb_text module_class=\u00bbgt-heading\u00bb _builder_version=\u00bb4.27.4&#8243; _module_preset=\u00bbdefault\u00bb text_text_color=\u00bb#516091&#8243; header_font=\u00bb|600|||||||\u00bb header_text_color=\u00bb#516091&#8243; header_2_font=\u00bb|600|||||||\u00bb custom_margin=\u00bb||||false|false\u00bb custom_padding=\u00bb||||false|false\u00bb global_colors_info=\u00bb{}\u00bb]<\/p>\n<h2><span style=\"color: #516091;\">Lee y comparte<\/span><\/h2>\n<p>[\/et_pb_text][et_pb_image src=\u00bbhttps:\/\/tintavivatranslation.com\/wp-content\/uploads\/2025\/10\/female-1801515_1280.png\u00bb title_text=\u00bbfemale-1801515_1280&#8243; _builder_version=\u00bb4.27.4&#8243; _module_preset=\u00bbdefault\u00bb max_width=\u00bb80%\u00bb animation_style=\u00bbfade\u00bb global_colors_info=\u00bb{}\u00bb][\/et_pb_image][\/et_pb_column][et_pb_column type=\u00bb1_2&#8243; _builder_version=\u00bb4.16&#8243; _module_preset=\u00bbdefault\u00bb global_colors_info=\u00bb{}\u00bb][et_pb_text _builder_version=\u00bb4.27.4&#8243; _module_preset=\u00bbdefault\u00bb text_text_color=\u00bb#516091&#8243; custom_margin=\u00bb||||false|false\u00bb custom_padding=\u00bb||7px||false|false\u00bb global_colors_info=\u00bb{}\u00bb]\u00bfTodo listo para alzar el vuelo? Da el primer paso descargando este folleto en PDF. S\u00edrvete un caf\u00e9, l\u00e9elo y comparte. Cuando quieras, aqu\u00ed me tienes.   <\/p>\n<p>(Para descargarlo, solo tienes que hacer clic en la imagen que mejor encaje con tu \u00e1rea de especialidad).[\/et_pb_text][et_pb_image src=\u00bbhttps:\/\/tintavivatranslation.com\/wp-content\/uploads\/2025\/10\/Down-arrow.png\u00bb title_text=\u00bbDown arrow\u00bb url=\u00bb#brochures\u00bb disabled_on=\u00bbon|on|off\u00bb _builder_version=\u00bb4.27.4&#8243; _module_preset=\u00bbdefault\u00bb global_colors_info=\u00bb{}\u00bb][\/et_pb_image][\/et_pb_column][\/et_pb_row][\/et_pb_section][et_pb_section fb_built=\u00bb1&#8243; module_id=\u00bbbrochures\u00bb _builder_version=\u00bb4.27.4&#8243; _module_preset=\u00bbdefault\u00bb background_color=\u00bb#ecf3f9&#8243; module_alignment=\u00bbcenter\u00bb min_height=\u00bb100vh\u00bb custom_margin=\u00bb||||false|false\u00bb custom_margin_tablet=\u00bb||||false|false\u00bb custom_margin_phone=\u00bb||||false|false\u00bb custom_margin_last_edited=\u00bbon|phone\u00bb module_alignment_tablet=\u00bbcenter\u00bb module_alignment_phone=\u00bbcenter\u00bb module_alignment_last_edited=\u00bbon|phone\u00bb da_disable_devices=\u00bboff|off|off\u00bb global_colors_info=\u00bb{}\u00bb da_is_popup=\u00bboff\u00bb da_exit_intent=\u00bboff\u00bb da_has_close=\u00bbon\u00bb da_alt_close=\u00bboff\u00bb da_dark_close=\u00bboff\u00bb da_not_modal=\u00bbon\u00bb da_is_singular=\u00bboff\u00bb da_with_loader=\u00bboff\u00bb da_has_shadow=\u00bbon\u00bb][et_pb_row column_structure=\u00bb1_4,1_4,1_4,1_4&#8243; make_equal=\u00bbon\u00bb _builder_version=\u00bb4.27.4&#8243; _module_preset=\u00bbdefault\u00bb module_alignment=\u00bbcenter\u00bb custom_padding=\u00bb||||false|false\u00bb animation_style=\u00bbzoom\u00bb global_colors_info=\u00bb{}\u00bb][et_pb_column type=\u00bb1_4&#8243; _builder_version=\u00bb4.23.2&#8243; _module_preset=\u00bbdefault\u00bb global_colors_info=\u00bb{}\u00bb][dnxtiel_next_image_effect dnxtiel_image=\u00bbhttps:\/\/tintavivatranslation.com\/wp-content\/uploads\/2025\/10\/Real-Estate-and-Urbanism-Brochure_tinied.jpg\u00bb dnxtiel_heading_tag=\u00bbh3&#8243; dnxtiel_description=\u00bb<\/p>\n<p>Click for pdf<\/p>\n<p>\u00bb dnxtiel_hover_bg=\u00bbrgba(236,243,249,0.5)\u00bb dnxtiel_caption_margin=\u00bb||||false|false\u00bb dnxtiel_caption_padding=\u00bb45%||||false|false\u00bb dnxtiel_description_padding=\u00bb||||false|false\u00bb dnxtiel_hover_image_alignment=\u00bbcenter\u00bb dnxtiel_caption_margin_tablet=\u00bb|0%|||false|false\u00bb dnxtiel_caption_margin_phone=\u00bb|0%|||false|false\u00bb dnxtiel_caption_margin_last_edited=\u00bbon|phone\u00bb admin_label=\u00bbNext Image Effect Lite\u00bb _builder_version=\u00bb4.27.6&#8243; _module_preset=\u00bbdefault\u00bb hover_text_fonts_text_color=\u00bb#516091&#8243; dnxt_body_text_align=\u00bbcenter\u00bb dnxt_body_text_color=\u00bb#516091&#8243; width=\u00bb100%\u00bb width_tablet=\u00bb88%\u00bb width_phone=\u00bb80%\u00bb width_last_edited=\u00bbon|phone\u00bb max_width=\u00bb100%\u00bb module_alignment=\u00bbcenter\u00bb min_height=\u00bb100%\u00bb min_height_tablet=\u00bb100%\u00bb min_height_phone=\u00bb100%\u00bb min_height_last_edited=\u00bbon|phone\u00bb custom_margin_tablet=\u00bb\u00bb custom_margin_phone=\u00bb\u00bb custom_margin_last_edited=\u00bbon|phone\u00bb custom_padding=\u00bb|1px||||\u00bb custom_padding_tablet=\u00bb|1px||||\u00bb custom_padding_phone=\u00bb|0px||||\u00bb custom_padding_last_edited=\u00bbon|phone\u00bb animation_style=\u00bbzoom\u00bb hover_transition_duration=\u00bb1000ms\u00bb hover_transition_delay=\u00bb200ms\u00bb hover_transition_speed_curve=\u00bbease-in-out\u00bb link_option_url=\u00bbhttps:\/\/tintavivatranslation.com\/wp-content\/uploads\/2026\/03\/SPANISH-Tinta-Viva-Translation_Brochure_2026_reu.pdf\u00bb link_option_url_new_window=\u00bbon\u00bb hover_enabled=\u00bb0&#8243; module_alignment_tablet=\u00bbcenter\u00bb module_alignment_phone=\u00bbcenter\u00bb module_alignment_last_edited=\u00bbon|phone\u00bb animation_direction_tablet=\u00bb\u00bb animation_direction_phone=\u00bb\u00bb animation_direction_last_edited=\u00bbon|phone\u00bb global_colors_info=\u00bb{}\u00bb sticky_enabled=\u00bb0&#8243;][\/dnxtiel_next_image_effect][et_pb_text _builder_version=\u00bb4.27.6&#8243; _module_preset=\u00bbdefault\u00bb text_text_color=\u00bb#516091&#8243; header_text_align=\u00bbleft\u00bb header_text_color=\u00bb#516091&#8243; header_3_text_color=\u00bb#516091&#8243; header_3_font_size=\u00bb20px\u00bb width_tablet=\u00bb88%\u00bb width_phone=\u00bb80%\u00bb width_last_edited=\u00bbon|tablet\u00bb module_alignment=\u00bbcenter\u00bb hover_enabled=\u00bb0&#8243; global_colors_info=\u00bb{}\u00bb sticky_enabled=\u00bb0&#8243;]<\/p>\n<h3>Urbanismo y propiedad inmobiliaria<\/h3>\n<p>[\/et_pb_text][\/et_pb_column][et_pb_column type=\u00bb1_4&#8243; _builder_version=\u00bb4.22.2&#8243; _module_preset=\u00bbdefault\u00bb global_colors_info=\u00bb{}\u00bb][dnxtiel_next_image_effect dnxtiel_image=\u00bbhttps:\/\/tintavivatranslation.com\/wp-content\/uploads\/2025\/10\/Sustainability-Brochure_tinied.jpg\u00bb dnxtiel_heading_tag=\u00bbh3&#8243; dnxtiel_description=\u00bb<\/p>\n<p>Click for pdf<\/p>\n<p>\u00bb dnxtiel_hover_bg=\u00bbrgba(236,243,249,0.5)\u00bb dnxtiel_caption_margin=\u00bb||||false|false\u00bb dnxtiel_caption_padding=\u00bb45%||||false|false\u00bb dnxtiel_description_padding=\u00bb||||false|false\u00bb dnxtiel_hover_image_alignment=\u00bbcenter\u00bb admin_label=\u00bbNext Image Effect Lite\u00bb _builder_version=\u00bb4.27.6&#8243; _module_preset=\u00bbdefault\u00bb hover_text_fonts_text_color=\u00bb#516091&#8243; dnxt_body_text_align=\u00bbcenter\u00bb dnxt_body_text_color=\u00bb#516091&#8243; width=\u00bb100%\u00bb width_tablet=\u00bb88%\u00bb width_phone=\u00bb80%\u00bb width_last_edited=\u00bbon|phone\u00bb module_alignment=\u00bbcenter\u00bb animation_style=\u00bbzoom\u00bb hover_transition_duration=\u00bb1000ms\u00bb hover_transition_delay=\u00bb200ms\u00bb hover_transition_speed_curve=\u00bbease-in-out\u00bb link_option_url=\u00bbhttps:\/\/tintavivatranslation.com\/wp-content\/uploads\/2026\/03\/SPANISH-Tinta-Viva-Translation_Brochure_2026_sus.pdf\u00bb link_option_url_new_window=\u00bbon\u00bb hover_enabled=\u00bb0&#8243; module_alignment_tablet=\u00bbcenter\u00bb module_alignment_phone=\u00bbcenter\u00bb module_alignment_last_edited=\u00bbon|phone\u00bb animation_direction_tablet=\u00bb\u00bb animation_direction_phone=\u00bb\u00bb animation_direction_last_edited=\u00bbon|phone\u00bb global_colors_info=\u00bb{}\u00bb sticky_enabled=\u00bb0&#8243;][\/dnxtiel_next_image_effect][et_pb_text _builder_version=\u00bb4.27.6&#8243; _module_preset=\u00bbdefault\u00bb text_text_color=\u00bb#516091&#8243; header_text_align=\u00bbleft\u00bb header_text_color=\u00bb#516091&#8243; header_3_text_color=\u00bb#516091&#8243; header_3_font_size=\u00bb20px\u00bb width_tablet=\u00bb88%\u00bb width_phone=\u00bb80%\u00bb width_last_edited=\u00bbon|phone\u00bb module_alignment=\u00bbcenter\u00bb hover_enabled=\u00bb0&#8243; global_colors_info=\u00bb{}\u00bb sticky_enabled=\u00bb0&#8243;]<\/p>\n<h3>Sostenibilidad<\/h3>\n<p>[\/et_pb_text][\/et_pb_column][et_pb_column type=\u00bb1_4&#8243; _builder_version=\u00bb4.22.2&#8243; _module_preset=\u00bbdefault\u00bb global_colors_info=\u00bb{}\u00bb][dnxtiel_next_image_effect dnxtiel_image=\u00bbhttps:\/\/tintavivatranslation.com\/wp-content\/uploads\/2025\/10\/Business-and-Marketing-Brochure_tinied.jpg\u00bb dnxtiel_heading_tag=\u00bbh3&#8243; dnxtiel_description=\u00bb<\/p>\n<p>Click for pdf<\/p>\n<p>\u00bb dnxtiel_hover_bg=\u00bbrgba(236,243,249,0.5)\u00bb dnxtiel_caption_margin=\u00bb||||false|false\u00bb dnxtiel_caption_padding=\u00bb45%||||false|false\u00bb dnxtiel_description_padding=\u00bb||||false|false\u00bb dnxtiel_hover_image_alignment=\u00bbcenter\u00bb dnxtiel_caption_margin_tablet=\u00bb||||false|false\u00bb dnxtiel_caption_margin_phone=\u00bb||||false|false\u00bb dnxtiel_caption_margin_last_edited=\u00bbon|phone\u00bb dnxtiel_heading_margin_tablet=\u00bb\u00bb dnxtiel_heading_margin_phone=\u00bb\u00bb dnxtiel_heading_margin_last_edited=\u00bbon|phone\u00bb dnxtiel_heading_padding_tablet=\u00bb\u00bb dnxtiel_heading_padding_phone=\u00bb\u00bb dnxtiel_heading_padding_last_edited=\u00bbon|phone\u00bb dnxtiel_description_margin_tablet=\u00bb\u00bb dnxtiel_description_margin_phone=\u00bb\u00bb dnxtiel_description_margin_last_edited=\u00bbon|phone\u00bb admin_label=\u00bbNext Image Effect Lite\u00bb _builder_version=\u00bb4.27.6&#8243; _module_preset=\u00bbdefault\u00bb hover_text_fonts_text_color=\u00bb#516091&#8243; dnxt_body_text_align=\u00bbcenter\u00bb dnxt_body_text_color=\u00bb#516091&#8243; width_tablet=\u00bb88%\u00bb width_phone=\u00bb80%\u00bb width_last_edited=\u00bbon|phone\u00bb module_alignment=\u00bbcenter\u00bb custom_padding=\u00bb|0px||||\u00bb animation_style=\u00bbzoom\u00bb hover_transition_duration=\u00bb1000ms\u00bb hover_transition_delay=\u00bb200ms\u00bb hover_transition_speed_curve=\u00bbease-in-out\u00bb link_option_url=\u00bbhttps:\/\/tintavivatranslation.com\/wp-content\/uploads\/2026\/03\/SPANISH-Tinta-Viva-Translation_Brochure_2026_bus.pdf\u00bb link_option_url_new_window=\u00bbon\u00bb hover_enabled=\u00bb0&#8243; module_alignment_tablet=\u00bbcenter\u00bb module_alignment_phone=\u00bbcenter\u00bb module_alignment_last_edited=\u00bbon|phone\u00bb animation_direction_tablet=\u00bb\u00bb animation_direction_phone=\u00bb\u00bb animation_direction_last_edited=\u00bbon|phone\u00bb border_style_all=\u00bbnone\u00bb global_colors_info=\u00bb{}\u00bb sticky_enabled=\u00bb0&#8243;][\/dnxtiel_next_image_effect][et_pb_text _builder_version=\u00bb4.27.6&#8243; _module_preset=\u00bbdefault\u00bb text_text_color=\u00bb#516091&#8243; header_text_align=\u00bbleft\u00bb header_text_color=\u00bb#516091&#8243; header_3_text_color=\u00bb#516091&#8243; header_3_font_size=\u00bb20px\u00bb width_tablet=\u00bb88%\u00bb width_phone=\u00bb80%\u00bb width_last_edited=\u00bbon|phone\u00bb module_alignment=\u00bbcenter\u00bb custom_margin_tablet=\u00bb\u00bb custom_margin_phone=\u00bb\u00bb custom_margin_last_edited=\u00bbon|tablet\u00bb custom_padding=\u00bb4%||||false|false\u00bb custom_padding_tablet=\u00bb4%||||false|false\u00bb custom_padding_phone=\u00bb4%||||false|false\u00bb custom_padding_last_edited=\u00bbon|phone\u00bb hover_enabled=\u00bb0&#8243; global_colors_info=\u00bb{}\u00bb sticky_enabled=\u00bb0&#8243;]<\/p>\n<h3>Empresas &amp; Marketing<\/h3>\n<p>[\/et_pb_text][\/et_pb_column][et_pb_column type=\u00bb1_4&#8243; _builder_version=\u00bb4.22.2&#8243; _module_preset=\u00bbdefault\u00bb global_colors_info=\u00bb{}\u00bb][dnxtiel_next_image_effect dnxtiel_image=\u00bbhttps:\/\/tintavivatranslation.com\/wp-content\/uploads\/2025\/10\/Social-Science-and-Editorial-Brochure_tinied.jpg\u00bb dnxtiel_heading_tag=\u00bbh3&#8243; dnxtiel_description=\u00bb<\/p>\n<p>Click for pdf<\/p>\n<p>\u00bb dnxtiel_hover_bg=\u00bbrgba(236,243,249,0.5)\u00bb dnxtiel_caption_margin=\u00bb||||false|false\u00bb dnxtiel_caption_padding=\u00bb45%||||false|false\u00bb dnxtiel_description_padding=\u00bb||||false|false\u00bb dnxtiel_hover_image_alignment=\u00bbcenter\u00bb admin_label=\u00bbNext Image Effect Lite\u00bb _builder_version=\u00bb4.27.6&#8243; _module_preset=\u00bbdefault\u00bb hover_text_fonts_text_color=\u00bb#516091&#8243; dnxt_body_text_align=\u00bbcenter\u00bb dnxt_body_text_color=\u00bb#516091&#8243; width_tablet=\u00bb88%\u00bb width_phone=\u00bb80%\u00bb width_last_edited=\u00bbon|tablet\u00bb module_alignment=\u00bbcenter\u00bb animation_style=\u00bbzoom\u00bb hover_transition_duration=\u00bb1000ms\u00bb hover_transition_delay=\u00bb200ms\u00bb hover_transition_speed_curve=\u00bbease-in-out\u00bb link_option_url=\u00bbhttps:\/\/tintavivatranslation.com\/wp-content\/uploads\/2026\/03\/SPANISH-Tinta-Viva-Translation_Brochure_2026_ac.pdf\u00bb link_option_url_new_window=\u00bbon\u00bb hover_enabled=\u00bb0&#8243; module_alignment_tablet=\u00bbcenter\u00bb module_alignment_phone=\u00bbcenter\u00bb module_alignment_last_edited=\u00bbon|phone\u00bb animation_direction_tablet=\u00bb\u00bb animation_direction_phone=\u00bb\u00bb animation_direction_last_edited=\u00bbon|phone\u00bb global_colors_info=\u00bb{}\u00bb sticky_enabled=\u00bb0&#8243;][\/dnxtiel_next_image_effect][et_pb_text _builder_version=\u00bb4.27.6&#8243; _module_preset=\u00bbdefault\u00bb text_text_color=\u00bb#516091&#8243; header_text_align=\u00bbleft\u00bb header_text_color=\u00bb#516091&#8243; header_3_text_color=\u00bb#516091&#8243; header_3_font_size=\u00bb20px\u00bb width_tablet=\u00bb88%\u00bb width_phone=\u00bb80%\u00bb width_last_edited=\u00bbon|tablet\u00bb module_alignment=\u00bbcenter\u00bb link_option_url=\u00bbhttps:\/\/tintavivatranslation.com\/wp-content\/uploads\/2025\/11\/Tinta-Viva-Translation_Brochure-2526_ac.pdf\u00bb link_option_url_new_window=\u00bbon\u00bb hover_enabled=\u00bb0&#8243; global_colors_info=\u00bb{}\u00bb sticky_enabled=\u00bb0&#8243;]<\/p>\n<h3>Ciencias sociales y contenido editorial<\/h3>\n<p>[\/et_pb_text][\/et_pb_column][\/et_pb_row][et_pb_row column_structure=\u00bb1_2,1_2&#8243; _builder_version=\u00bb4.27.4&#8243; _module_preset=\u00bbdefault\u00bb custom_margin=\u00bb||||false|false\u00bb custom_padding=\u00bb5%||||false|false\u00bb global_colors_info=\u00bb{}\u00bb][et_pb_column type=\u00bb1_2&#8243; module_class=\u00bbpa-inline-buttons\u00bb _builder_version=\u00bb4.27.4&#8243; _module_preset=\u00bbdefault\u00bb global_colors_info=\u00bb{}\u00bb][et_pb_text module_class=\u00bbgt-heading\u00bb _builder_version=\u00bb4.27.4&#8243; _module_preset=\u00bbdefault\u00bb text_text_color=\u00bb#516091&#8243; header_font=\u00bb|600|||||||\u00bb header_text_color=\u00bb#516091&#8243; header_2_font=\u00bb|600|||||||\u00bb custom_margin=\u00bb||||false|false\u00bb custom_padding=\u00bb||||false|false\u00bb global_colors_info=\u00bb{}\u00bb]<\/p>\n<h2><span style=\"color: #516091;\">Otras cosas \u00fatiles<\/span><\/h2>\n<p>[\/et_pb_text][et_pb_image src=\u00bbhttps:\/\/tintavivatranslation.com\/wp-content\/uploads\/2025\/10\/Right-arrow.png\u00bb title_text=\u00bbRight arrow\u00bb disabled_on=\u00bbon|on|off\u00bb _builder_version=\u00bb4.27.4&#8243; _module_preset=\u00bbdefault\u00bb custom_margin=\u00bb-38%|||44%|false|false\u00bb global_colors_info=\u00bb{}\u00bb][\/et_pb_image][\/et_pb_column][et_pb_column type=\u00bb1_2&#8243; module_class=\u00bbpa-inline-buttons\u00bb _builder_version=\u00bb4.27.4&#8243; _module_preset=\u00bbdefault\u00bb global_colors_info=\u00bb{}\u00bb][et_pb_divider show_divider=\u00bboff\u00bb disabled_on=\u00bbon|on|off\u00bb _builder_version=\u00bb4.27.4&#8243; _module_preset=\u00bbdefault\u00bb min_height=\u00bb100px\u00bb height=\u00bb100px\u00bb global_colors_info=\u00bb{}\u00bb][\/et_pb_divider][et_pb_button button_url=\u00bbhttps:\/\/tintavivatranslation.com\/wp-content\/uploads\/2025\/08\/Tinta-Viva-Translation_Terms-of-Service_2025.pdf\u00bb url_new_window=\u00bbon\u00bb button_text=\u00bbCondiciones de servicio\u00bb button_alignment=\u00bbleft\u00bb button_alignment_tablet=\u00bbleft\u00bb button_alignment_phone=\u00bbcenter\u00bb button_alignment_last_edited=\u00bbon|phone\u00bb _builder_version=\u00bb4.27.4&#8243; _module_preset=\u00bbdefault\u00bb custom_button=\u00bbon\u00bb button_bg_color=\u00bb#74BEC1&#8243; button_border_width=\u00bb0px\u00bb button_font=\u00bbPoppins|300|||||||\u00bb button_use_icon=\u00bboff\u00bb background_layout=\u00bbdark\u00bb custom_margin=\u00bb||||false|false\u00bb custom_margin_tablet=\u00bb|||0px|false|false\u00bb custom_margin_phone=\u00bb||||false|false\u00bb custom_margin_last_edited=\u00bbon|phone\u00bb custom_padding_tablet=\u00bb\u00bb custom_padding_phone=\u00bb\u00bb custom_padding_last_edited=\u00bbon|phone\u00bb custom_css_main_element=\u00bbmin-height: 40px;\u00bb global_colors_info=\u00bb{}\u00bb button_text_size__hover_enabled=\u00bbon|hover\u00bb button_text_size__hover=\u00bb20px\u00bb button_text_color__hover_enabled=\u00bbon|hover\u00bb button_text_color__hover=\u00bb#FFEDAD\u00bb custom_margin__hover_enabled=\u00bbon|desktop\u00bb custom_margin__hover=\u00bb||||false|false\u00bb][\/et_pb_button][et_pb_button button_url=\u00bbhttps:\/\/tintavivatranslation.com\/wp-content\/uploads\/2023\/10\/Tinta-Viva-Translation_Privacy-and-Data-Security-Policy_13-September-2022.pdf\u00bb button_text=\u00bbPol\u00edtica de privacidad\u00bb button_alignment=\u00bbleft\u00bb button_alignment_tablet=\u00bbleft\u00bb button_alignment_phone=\u00bbcenter\u00bb button_alignment_last_edited=\u00bbon|phone\u00bb _builder_version=\u00bb4.27.4&#8243; _module_preset=\u00bbdefault\u00bb custom_button=\u00bbon\u00bb button_bg_color=\u00bb#74BEC1&#8243; button_border_width=\u00bb0px\u00bb button_font=\u00bbPoppins|300|||||||\u00bb button_use_icon=\u00bboff\u00bb background_layout=\u00bbdark\u00bb custom_margin=\u00bb|||5%|false|false\u00bb custom_margin_tablet=\u00bb|||7%|false|false\u00bb custom_margin_phone=\u00bb|-41px||0%|false|false\u00bb custom_margin_last_edited=\u00bbon|phone\u00bb custom_padding_tablet=\u00bb||||false|false\u00bb custom_padding_phone=\u00bb||||false|false\u00bb custom_padding_last_edited=\u00bbon|phone\u00bb custom_css_main_element=\u00bbmin-height: 40px;\u00bb global_colors_info=\u00bb{}\u00bb button_text_size__hover_enabled=\u00bbon|hover\u00bb button_text_size__hover=\u00bb20px\u00bb button_text_color__hover_enabled=\u00bbon|hover\u00bb button_text_color__hover=\u00bb#FFEDAD\u00bb custom_margin__hover_enabled=\u00bbon|desktop\u00bb custom_margin__hover=\u00bb||||false|false\u00bb][\/et_pb_button][\/et_pb_column][\/et_pb_row][\/et_pb_section]<\/p>\n","protected":false},"excerpt":{"rendered":"<p>Lee y comparte \u00bfTodo listo para alzar el vuelo? Da el primer paso descargando este folleto en PDF. S\u00edrvete un caf\u00e9, l\u00e9elo y comparte. Cuando quieras, aqu\u00ed me tienes. (Para descargarlo, solo tienes que hacer clic en la imagen que mejor encaje con tu \u00e1rea de especialidad).<div class=\"et_pb_module dnxtiel_next_image_effect dnxtiel_next_image_effect_0\">\n\t\t\t\t\n\t\t\t\t\n\t\t\t\t\n\t\t\t\t\n\t\t\t\t\n\t\t\t\t\n\t\t\t\t<div class=\"et_pb_module_inner\">\n\t\t\t\t\t<figure class=\"imghvr-fade dnxtiel-imghvr-wrapper\">\r\n\t\t\t\t<img decoding=\"async\" src=\"\" alt=\"\" class=\"et_multi_view_hidden_image\" \/>\r\n\t\t\t\t<figcaption class=\"dnxtiel-imghvr-content\">\r\n\t\t\t\t\t\r\n\t\t\t\t\t\r\n\t\t\t\t\t<div class=\"dnxtiel-description\">\u00bbClick<\/div>\n\r\n\t\t\t\t\t\r\n\t\t\t\t<\/figcaption>\r\n\t\t  \t<\/figure>\n\t\t\t\t<\/div>\n\t\t\t<\/div><\/p>\n","protected":false},"author":1,"featured_media":0,"parent":0,"menu_order":0,"comment_status":"closed","ping_status":"closed","template":"","meta":{"_et_pb_use_builder":"on","_et_pb_old_content":"","_et_gb_content_width":"","footnotes":""},"class_list":["post-11320","page","type-page","status-publish","hentry"],"_links":{"self":[{"href":"https:\/\/tintavivatranslation.com\/es\/wp-json\/wp\/v2\/pages\/11320","targetHints":{"allow":["GET"]}}],"collection":[{"href":"https:\/\/tintavivatranslation.com\/es\/wp-json\/wp\/v2\/pages"}],"about":[{"href":"https:\/\/tintavivatranslation.com\/es\/wp-json\/wp\/v2\/types\/page"}],"author":[{"embeddable":true,"href":"https:\/\/tintavivatranslation.com\/es\/wp-json\/wp\/v2\/users\/1"}],"replies":[{"embeddable":true,"href":"https:\/\/tintavivatranslation.com\/es\/wp-json\/wp\/v2\/comments?post=11320"}],"version-history":[{"count":6,"href":"https:\/\/tintavivatranslation.com\/es\/wp-json\/wp\/v2\/pages\/11320\/revisions"}],"predecessor-version":[{"id":11457,"href":"https:\/\/tintavivatranslation.com\/es\/wp-json\/wp\/v2\/pages\/11320\/revisions\/11457"}],"wp:attachment":[{"href":"https:\/\/tintavivatranslation.com\/es\/wp-json\/wp\/v2\/media?parent=11320"}],"curies":[{"name":"wp","href":"https:\/\/api.w.org\/{rel}","templated":true}]}}